{"id":4791,"date":"2015-02-19T12:15:53","date_gmt":"2015-02-19T10:15:53","guid":{"rendered":"http:\/\/www.sheep.ee\/?post_type=product&#038;p=4791"},"modified":"2025-12-31T13:34:03","modified_gmt":"2025-12-31T11:34:03","slug":"ezi-action-60l-pump","status":"publish","type":"product","link":"https:\/\/sheep.ee\/en\/product\/ezi-action-60l-pump\/","title":{"rendered":"Ezi-action 60l pump"},"content":{"rendered":"<table dir=\"ltr\" border=\"1\" width=\"536\" cellspacing=\"0\" cellpadding=\"7\">\n<tbody>\n<tr>\n<td colspan=\"3\" valign=\"top\" width=\"50%\" height=\"64\">60\u00a0liitristele mahutitele(Sobib ka\u00a0110\u00a0 ja 40 liitristele mahutitele)<\/td>\n<td colspan=\"2\" valign=\"top\" width=\"25%\" height=\"64\">j\u00f5udlus \u00fche k\u00e4iguga: 400ml(15oz)<\/td>\n<td valign=\"top\" width=\"25%\" height=\"64\">toru maks s\u00fcgavus:770mm<\/td>\n<\/tr>\n<tr>\n<td valign=\"top\" width=\"25%\" height=\"32\">Kraani otsa l\u00e4bim\u00f5\u00f5t<\/td>\n<td valign=\"top\" width=\"25%\" height=\"32\">Kraani otsa pikkus<\/td>\n<td colspan=\"2\" valign=\"top\" width=\"25%\" height=\"32\">Imemistoru\u00a0l\u00e4bim\u00f5\u00f5t<\/td>\n<td colspan=\"2\" valign=\"top\" width=\"25%\" height=\"32\">Ezi-action\u00ae Adaptor kinnitused*<\/td>\n<\/tr>\n<tr>\n<td valign=\"top\" width=\"25%\" height=\"80\">20mm (sobib kasutada\u00a025mm (1 inch)\u00a0 j\u00e4tku toru)<\/td>\n<td valign=\"top\" width=\"25%\" height=\"80\">160mm(6 inch)<\/td>\n<td colspan=\"2\" valign=\"top\" width=\"25%\" height=\"80\">41mm(1 1\/2 inches)<\/td>\n<td colspan=\"2\" valign=\"top\" width=\"25%\" height=\"80\">\u00a0M69, M55, MBSP (Euroopa)MR, M63 (USA)<\/p>\n<p>M63, MBSP (Austraalia, NZ)<\/p>\n<p>* Erinevad kinnitused on saadaval k\u00f5ikidele mahuti t\u00fc\u00fcpidele<\/td>\n<\/tr>\n<tr>\n<td valign=\"top\" width=\"25%\" height=\"48\">Pakend<\/td>\n<td valign=\"top\" width=\"25%\" height=\"48\">Pumba kaal<\/td>\n<td colspan=\"2\" valign=\"top\" width=\"25%\" height=\"48\">Pumpasid kastis<\/td>\n<td colspan=\"2\" valign=\"top\" width=\"25%\" height=\"48\">Kasti m\u00f5\u00f5dud<\/td>\n<\/tr>\n<tr>\n<td valign=\"top\" width=\"25%\" height=\"80\">Iga pump on pakitud eraldi kilekotti, millele on kinnitatud papist etikett kasutusjuhendiga<\/td>\n<td valign=\"top\" width=\"25%\" height=\"80\">635\u00a0g<\/td>\n<td colspan=\"2\" valign=\"top\" width=\"25%\" height=\"80\">10 pumpa<\/td>\n<td colspan=\"2\" valign=\"top\" width=\"25%\" height=\"80\">1170 x 300 x 270 mm8.5kg<\/p>\n<p>0.095 cubic metre s<\/td>\n<\/tr>\n<\/tbody>\n<\/table>\n","protected":false},"excerpt":{"rendered":"<p>60\u00a0liitristele mahutitele<\/p>\n<p>(Sobib ka\u00a0110\u00a0 ja 40 liitristele mahutitele)<\/p>\n","protected":false},"featured_media":4802,"template":"","meta":[],"product_brand":[],"product_cat":[24],"product_tag":[],"class_list":{"0":"post-4791","1":"product","2":"type-product","3":"status-publish","4":"has-post-thumbnail","6":"product_cat-kasipumbad","8":"first","9":"instock","10":"taxable","11":"shipping-taxable","12":"purchasable","13":"product-type-simple"},"supplier_id":null,"supplier_sku":"","barcode":null,"atum_controlled":true,"out_stock_date":null,"out_stock_threshold":null,"inheritable":false,"inbound_stock":0,"stock_on_hold":0,"sold_today":0,"sales_last_days":0,"reserved_stock":0,"customer_returns":0,"warehouse_damage":0,"lost_in_post":0,"other_logs":0,"out_stock_days":0,"lost_sales":0,"has_location":false,"update_date":"2026-04-05T07:39:04","atum_locations":[],"atum_stock_status":"instock","restock_status":false,"low_stock_amount":"","sales_update_date":"2026-04-05T07:39:04","calc_backorders":null,"_links":{"self":[{"href":"https:\/\/sheep.ee\/en\/wp-json\/wp\/v2\/product\/4791","targetHints":{"allow":["GET"]}}],"collection":[{"href":"https:\/\/sheep.ee\/en\/wp-json\/wp\/v2\/product"}],"about":[{"href":"https:\/\/sheep.ee\/en\/wp-json\/wp\/v2\/types\/product"}],"wp:featuredmedia":[{"embeddable":true,"href":"https:\/\/sheep.ee\/en\/wp-json\/wp\/v2\/media\/4802"}],"wp:attachment":[{"href":"https:\/\/sheep.ee\/en\/wp-json\/wp\/v2\/media?parent=4791"}],"wp:term":[{"taxonomy":"product_brand","embeddable":true,"href":"https:\/\/sheep.ee\/en\/wp-json\/wp\/v2\/product_brand?post=4791"},{"taxonomy":"product_cat","embeddable":true,"href":"https:\/\/sheep.ee\/en\/wp-json\/wp\/v2\/product_cat?post=4791"},{"taxonomy":"product_tag","embeddable":true,"href":"https:\/\/sheep.ee\/en\/wp-json\/wp\/v2\/product_tag?post=4791"}],"curies":[{"name":"wp","href":"https:\/\/api.w.org\/{rel}","templated":true}]}}