{"id":4793,"date":"2015-02-19T12:20:48","date_gmt":"2015-02-19T10:20:48","guid":{"rendered":"http:\/\/www.sheep.ee\/?post_type=product&#038;p=4793"},"modified":"2025-12-31T13:34:04","modified_gmt":"2025-12-31T11:34:04","slug":"ezi-action-turvaline-moodunou","status":"publish","type":"product","link":"https:\/\/sheep.ee\/en\/product\/ezi-action-turvaline-moodunou\/","title":{"rendered":"Ezi-action turvaline m\u00f5\u00f5dun\u00f5u"},"content":{"rendered":"<p>Lihtne kinnituss\u00fcsteem asetab liitrise m\u00f5\u00f5dun\u00f5u Esi-action pumba k\u00fclge, v\u00f5imaldades k\u00e4ed vaba kemikalide k\u00e4itlust.<\/p>\n<p>Turvalisuse meetmed:<\/p>\n<p>Kinnine s\u00fcsteem v\u00e4hendab oluliselt kemikalide kokkupuute v\u00f5imalust operaatoriga. Ennetab tilkumise v\u00f5i pritsimise.<\/p>\n<p>M\u00f5\u00f5dun\u00f5u on varustatud patenteeritud unikaalse kalibreerimiss\u00fcsteemiga, mis v\u00f5imaldab kergelt lugeda \u00fcmberpumbatud kemikali kogust.<\/p>\n<p>Kaasasolevad sildid v\u00f5imaldavad m\u00f5\u00f5dun\u00f5ule kirjutada selles sisalduva kemikali nimetuse ning eriv\u00e4rvilised korgid: punane-happed; sinine-leelised ja valge-neutraalne aitavad selgelt eristada erinevaid kemikalide gruppe. See omakorda v\u00e4listab ohtlikud kemikalide segunemised.<\/p>\n<p>Vett on v\u00f5imalik lisada otse Ezi-action m\u00f5\u00f5dun\u00f5usse, et saada soovitud konsentratsiooniga lahust.<\/p>\n<p>M\u00f5\u00f5dun\u00f5uga on kaasas detailne instruktsioon.<\/p>\n","protected":false},"excerpt":{"rendered":"<p>See toode annab uued v\u00f5imalused kemikaalide turvaliseks \u00fcmberpumpamiseks suurtest konteineritest. See loob suletud ja turvalise s\u00fcsteemi kemikalide \u00fcmbervalamiseks ja segamiseks.<\/p>\n<p>Sobib kasutamiseks koos k\u00f5igi\u00a0Ezi-action pumpadega.<\/p>\n","protected":false},"featured_media":6962,"template":"","meta":[],"product_brand":[],"product_cat":[24],"product_tag":[],"class_list":{"0":"post-4793","1":"product","2":"type-product","3":"status-publish","4":"has-post-thumbnail","6":"product_cat-kasipumbad","8":"first","9":"instock","10":"taxable","11":"shipping-taxable","12":"purchasable","13":"product-type-simple"},"supplier_id":null,"supplier_sku":"","barcode":null,"atum_controlled":true,"out_stock_date":null,"out_stock_threshold":null,"inheritable":false,"inbound_stock":0,"stock_on_hold":0,"sold_today":0,"sales_last_days":0,"reserved_stock":0,"customer_returns":0,"warehouse_damage":0,"lost_in_post":0,"other_logs":0,"out_stock_days":0,"lost_sales":0,"has_location":false,"update_date":"2026-04-15T07:45:24","atum_locations":[],"atum_stock_status":"instock","restock_status":false,"low_stock_amount":"","sales_update_date":"2026-04-15T07:45:24","calc_backorders":null,"_links":{"self":[{"href":"https:\/\/sheep.ee\/en\/wp-json\/wp\/v2\/product\/4793","targetHints":{"allow":["GET"]}}],"collection":[{"href":"https:\/\/sheep.ee\/en\/wp-json\/wp\/v2\/product"}],"about":[{"href":"https:\/\/sheep.ee\/en\/wp-json\/wp\/v2\/types\/product"}],"wp:featuredmedia":[{"embeddable":true,"href":"https:\/\/sheep.ee\/en\/wp-json\/wp\/v2\/media\/6962"}],"wp:attachment":[{"href":"https:\/\/sheep.ee\/en\/wp-json\/wp\/v2\/media?parent=4793"}],"wp:term":[{"taxonomy":"product_brand","embeddable":true,"href":"https:\/\/sheep.ee\/en\/wp-json\/wp\/v2\/product_brand?post=4793"},{"taxonomy":"product_cat","embeddable":true,"href":"https:\/\/sheep.ee\/en\/wp-json\/wp\/v2\/product_cat?post=4793"},{"taxonomy":"product_tag","embeddable":true,"href":"https:\/\/sheep.ee\/en\/wp-json\/wp\/v2\/product_tag?post=4793"}],"curies":[{"name":"wp","href":"https:\/\/api.w.org\/{rel}","templated":true}]}}