{"id":4796,"date":"2015-02-19T12:23:28","date_gmt":"2015-02-19T10:23:28","guid":{"rendered":"http:\/\/www.sheep.ee\/?post_type=product&#038;p=4796"},"modified":"2025-12-31T13:34:04","modified_gmt":"2025-12-31T11:34:04","slug":"kinnitusadapter-vaadile","status":"publish","type":"product","link":"https:\/\/sheep.ee\/en\/product\/kinnitusadapter-vaadile\/","title":{"rendered":"Kinnitusadapter vaadile"},"content":{"rendered":"<p>EZ-action pumpadele on v\u00f5imalik valida sobiv kinnitusadapter enamustele kasutusel olevatele keermet\u00fc\u00fcpidele.<\/p>\n<p>C57, C63 (Euroopa)<\/p>\n<p>C69 (USA)<\/p>\n<p>C55, C63 (Austraalia, NZ)<\/p>\n<p>Tellimuse esitamisel t\u00e4psustage Teile sobiv kinnituse t\u00fc\u00fcp, et saaksime pumbad komplekteerida \u00f5igete adapteritega.<\/p>\n<p>&nbsp;<\/p>\n","protected":false},"excerpt":{"rendered":"<p>EZ-action pumpadele on v\u00f5imalik valida sobiv kinnitusadapter enamustele kasutusel olevatele keermet\u00fc\u00fcpidele.<\/p>\n<p>&nbsp;<\/p>\n","protected":false},"featured_media":6964,"template":"","meta":[],"product_brand":[],"product_cat":[24],"product_tag":[],"class_list":{"0":"post-4796","1":"product","2":"type-product","3":"status-publish","4":"has-post-thumbnail","6":"product_cat-kasipumbad","8":"first","9":"instock","10":"taxable","11":"shipping-taxable","12":"purchasable","13":"product-type-simple"},"supplier_id":null,"supplier_sku":"","barcode":null,"atum_controlled":true,"out_stock_date":null,"out_stock_threshold":null,"inheritable":false,"inbound_stock":0,"stock_on_hold":1,"sold_today":0,"sales_last_days":0,"reserved_stock":0,"customer_returns":0,"warehouse_damage":0,"lost_in_post":0,"other_logs":0,"out_stock_days":0,"lost_sales":0,"has_location":false,"update_date":"2026-04-27T08:01:38","atum_locations":[],"atum_stock_status":"instock","restock_status":false,"low_stock_amount":"","sales_update_date":"2026-04-27T08:01:38","calc_backorders":null,"_links":{"self":[{"href":"https:\/\/sheep.ee\/en\/wp-json\/wp\/v2\/product\/4796","targetHints":{"allow":["GET"]}}],"collection":[{"href":"https:\/\/sheep.ee\/en\/wp-json\/wp\/v2\/product"}],"about":[{"href":"https:\/\/sheep.ee\/en\/wp-json\/wp\/v2\/types\/product"}],"wp:featuredmedia":[{"embeddable":true,"href":"https:\/\/sheep.ee\/en\/wp-json\/wp\/v2\/media\/6964"}],"wp:attachment":[{"href":"https:\/\/sheep.ee\/en\/wp-json\/wp\/v2\/media?parent=4796"}],"wp:term":[{"taxonomy":"product_brand","embeddable":true,"href":"https:\/\/sheep.ee\/en\/wp-json\/wp\/v2\/product_brand?post=4796"},{"taxonomy":"product_cat","embeddable":true,"href":"https:\/\/sheep.ee\/en\/wp-json\/wp\/v2\/product_cat?post=4796"},{"taxonomy":"product_tag","embeddable":true,"href":"https:\/\/sheep.ee\/en\/wp-json\/wp\/v2\/product_tag?post=4796"}],"curies":[{"name":"wp","href":"https:\/\/api.w.org\/{rel}","templated":true}]}}