{"id":4823,"date":"2024-08-31T16:14:31","date_gmt":"2024-08-31T13:14:31","guid":{"rendered":"http:\/\/www.sheep.ee\/?post_type=product&#038;p=4823"},"modified":"2025-12-31T13:34:04","modified_gmt":"2025-12-31T11:34:04","slug":"3-traadi-poolikinnituspost","status":"publish","type":"product","link":"https:\/\/www.sheep.ee\/en\/product\/3-traadi-poolikinnituspost\/","title":{"rendered":"3-traadi poolikinnituspost (Uus mudel!)"},"content":{"rendered":"<p>Rappa uus toode: Kvaliteetsest terasest rullipost poolide kinnitamiseks, mis on m\u00f5eldud kasutamiseks koos <a href=\"https:\/\/www.sheep.ee\/elektrikarjused-ja-paigaldusmasinad\/\"><strong><span style=\"color: #0000ff;\">Rappa Paigaldusmasinatega<\/span><\/strong><\/a>. Kolm kinnitusdetaili poolide jaoks.<\/p>\n<p>\u2022 Kompaktne disain &#8211; lihtne k\u00e4sitleda ja maasse panna<br \/>\n\u2022 Tugevdatud l\u00f6\u00f6gikindel \u00fclemine osa<br \/>\n\u2022 Ainulaadne Rappa jalaplaat takistab posti liikumist<br \/>\n\u2022 Komplektis UUED vahetatavad ankurdusisolaatorid &#8211; poltidega kinnitatavad, et neid oleks lihtne vahetada<br \/>\n\u2022 Isolaatoritel on uus V-pesa disain &#8211; tagab traadi paigal p\u00fcsimise<br \/>\n\u2022 P\u00f5rutuskindel ABS-isolaator pakub suurep\u00e4rast pingekaitset<br \/>\n\u2022 Posti k\u00f5rgus: 115cm<br \/>\n\u2022 Traatide k\u00f5rgused: 20cm, 46cm ja 72cm alates alusplaadi \u00fclaosast maapinnal.<\/p>\n<p>Saadaval ka <span style=\"color: #0000ff;\"><a style=\"color: #0000ff;\" href=\"https:\/\/sheep.ee\/toode\/2-traadi-poolikinnituspost\/\"><strong>kahe-<\/strong><\/a><\/span> ja <span style=\"color: #0000ff;\"><a style=\"color: #0000ff;\" href=\"https:\/\/sheep.ee\/toode\/4-traadi-poolikinnituspost\/\"><strong>neljarealiste<\/strong><\/a><\/span> versioonidena.<\/p>\n<p>Pole kindel, mida vajate? Helistage meile ning aitame hea meelega.<\/p>\n","protected":false},"excerpt":{"rendered":"<p>Rappa uus toode: Kvaliteetsest terasest rullipost poolide kinnitamiseks, mis on m\u00f5eldud kasutamiseks koos Rappa Paigaldusmasinatega. Kolm kinnitusdetaili poolide jaoks. \u2022 Kompaktne disain &#8211; lihtne k\u00e4sitleda ja maasse panna \u2022 Tugevdatud l\u00f6\u00f6gikindel \u00fclemine osa \u2022 Ainulaadne Rappa jalaplaat takistab posti liikumist \u2022 Komplektis UUED vahetatavad ankurdusisolaatorid &#8211; poltidega kinnitatavad, et neid oleks lihtne vahetada \u2022 Isolaatoritel [&#8230;]\n","protected":false},"featured_media":7201,"template":"","meta":[],"product_brand":[],"product_cat":[138,130,42],"product_tag":[],"class_list":{"0":"post-4823","1":"product","2":"type-product","3":"status-publish","4":"has-post-thumbnail","6":"product_cat-poolid","7":"product_cat-poolipostid","8":"product_cat-rappa-aiapostid","10":"first","11":"instock","12":"taxable","13":"shipping-taxable","14":"purchasable","15":"product-type-simple"},"supplier_id":6307,"supplier_sku":"STR430\/R21b","barcode":null,"atum_controlled":true,"out_stock_date":null,"out_stock_threshold":null,"inheritable":false,"inbound_stock":0,"stock_on_hold":2,"sold_today":0,"sales_last_days":0,"reserved_stock":0,"customer_returns":0,"warehouse_damage":0,"lost_in_post":0,"other_logs":0,"out_stock_days":0,"lost_sales":0,"has_location":false,"update_date":"2026-04-15T07:45:24","atum_locations":[],"atum_stock_status":"instock","restock_status":false,"low_stock_amount":"","sales_update_date":"2026-04-15T07:45:24","calc_backorders":0,"_links":{"self":[{"href":"https:\/\/www.sheep.ee\/en\/wp-json\/wp\/v2\/product\/4823","targetHints":{"allow":["GET"]}}],"collection":[{"href":"https:\/\/www.sheep.ee\/en\/wp-json\/wp\/v2\/product"}],"about":[{"href":"https:\/\/www.sheep.ee\/en\/wp-json\/wp\/v2\/types\/product"}],"wp:featuredmedia":[{"embeddable":true,"href":"https:\/\/www.sheep.ee\/en\/wp-json\/wp\/v2\/media\/7201"}],"wp:attachment":[{"href":"https:\/\/www.sheep.ee\/en\/wp-json\/wp\/v2\/media?parent=4823"}],"wp:term":[{"taxonomy":"product_brand","embeddable":true,"href":"https:\/\/www.sheep.ee\/en\/wp-json\/wp\/v2\/product_brand?post=4823"},{"taxonomy":"product_cat","embeddable":true,"href":"https:\/\/www.sheep.ee\/en\/wp-json\/wp\/v2\/product_cat?post=4823"},{"taxonomy":"product_tag","embeddable":true,"href":"https:\/\/www.sheep.ee\/en\/wp-json\/wp\/v2\/product_tag?post=4823"}],"curies":[{"name":"wp","href":"https:\/\/api.w.org\/{rel}","templated":true}]}}