{"id":4824,"date":"2024-08-31T16:15:37","date_gmt":"2024-08-31T13:15:37","guid":{"rendered":"http:\/\/www.sheep.ee\/?post_type=product&#038;p=4824"},"modified":"2025-12-31T13:34:04","modified_gmt":"2025-12-31T11:34:04","slug":"3-traadi-nurgapost","status":"publish","type":"product","link":"https:\/\/sheep.ee\/en\/product\/3-traadi-nurgapost\/","title":{"rendered":"3-traadi nurgapost (Uus mudel!)"},"content":{"rendered":"<p>Rappa uus toode: Kvaliteetsest terasest valmistatud kolmerealine nurgapost, mis on m\u00f5eldud elektriaia paigaldamiseks ja taluma koormust nurkades. Sobib h\u00e4sti kariloomade tarastamiseks.<\/p>\n<p>\u2022 Kompaktne disain &#8211; lihtne k\u00e4sitleda ja maasse panna<br \/>\n\u2022 Tugevdatud l\u00f6\u00f6gikindel \u00fclemine osa<br \/>\n\u2022 Ainulaadne Rappa jalaplaat takistab posti liikumist<br \/>\n\u2022 Komplektis UUED vahetatavad ankurdusisolaatorid &#8211; poltidega kinnitatavad, et neid oleks lihtne vahetada<br \/>\n\u2022 Isolaatoritel on uus V-pesa disain &#8211; tagab traadi paigal p\u00fcsimise<br \/>\n\u2022 P\u00f5rutuskindel ABS-isolaator pakub suurep\u00e4rast pingekaitset<br \/>\n\u2022 Posti k\u00f5rgus: 115cm<br \/>\n\u2022 Traatide k\u00f5rgused: 20cm, 46cm ja 72cm alates jalaplaadi \u00fclaosast maapinnal.<\/p>\n<p>Saadaval ka <span style=\"color: #0000ff;\"><a style=\"color: #0000ff;\" href=\"https:\/\/sheep.ee\/toode\/2-traadi-nurgapost\/\"><strong>kahe-<\/strong><\/a><\/span> ja <span style=\"color: #0000ff;\"><a style=\"color: #0000ff;\" href=\"https:\/\/sheep.ee\/toode\/4-traadi-nurgapost\/\"><strong>neljarealiste<\/strong><\/a><\/span> versioonidena.<\/p>\n<p>Pole kindel, mida vajate? Helistage meile ning aitame hea meelega.<\/p>\n","protected":false},"excerpt":{"rendered":"<p>Rappa uus toode: Kvaliteetsest terasest valmistatud kolmerealine nurgapost, mis on m\u00f5eldud elektriaia paigaldamiseks ja taluma koormust nurkades. Sobib h\u00e4sti kariloomade tarastamiseks. \u2022 Kompaktne disain &#8211; lihtne k\u00e4sitleda ja maasse panna \u2022 Tugevdatud l\u00f6\u00f6gikindel \u00fclemine osa \u2022 Ainulaadne Rappa jalaplaat takistab posti liikumist \u2022 Komplektis UUED vahetatavad ankurdusisolaatorid &#8211; poltidega kinnitatavad, et neid oleks lihtne vahetada [&#8230;]\n","protected":false},"featured_media":7209,"template":"","meta":[],"product_brand":[],"product_cat":[129,42],"product_tag":[],"class_list":{"0":"post-4824","1":"product","2":"type-product","3":"status-publish","4":"has-post-thumbnail","6":"product_cat-nurgapostid","7":"product_cat-rappa-aiapostid","9":"first","10":"instock","11":"taxable","12":"shipping-taxable","13":"purchasable","14":"product-type-simple"},"supplier_id":6307,"supplier_sku":"STA530\/R22b","barcode":null,"atum_controlled":true,"out_stock_date":null,"out_stock_threshold":null,"inheritable":false,"inbound_stock":0,"stock_on_hold":5,"sold_today":0,"sales_last_days":0,"reserved_stock":0,"customer_returns":0,"warehouse_damage":0,"lost_in_post":0,"other_logs":0,"out_stock_days":0,"lost_sales":0,"has_location":false,"update_date":"2026-04-26T08:00:46","atum_locations":[],"atum_stock_status":"instock","restock_status":false,"low_stock_amount":"","sales_update_date":"2026-04-26T08:00:46","calc_backorders":0,"_links":{"self":[{"href":"https:\/\/sheep.ee\/en\/wp-json\/wp\/v2\/product\/4824","targetHints":{"allow":["GET"]}}],"collection":[{"href":"https:\/\/sheep.ee\/en\/wp-json\/wp\/v2\/product"}],"about":[{"href":"https:\/\/sheep.ee\/en\/wp-json\/wp\/v2\/types\/product"}],"wp:featuredmedia":[{"embeddable":true,"href":"https:\/\/sheep.ee\/en\/wp-json\/wp\/v2\/media\/7209"}],"wp:attachment":[{"href":"https:\/\/sheep.ee\/en\/wp-json\/wp\/v2\/media?parent=4824"}],"wp:term":[{"taxonomy":"product_brand","embeddable":true,"href":"https:\/\/sheep.ee\/en\/wp-json\/wp\/v2\/product_brand?post=4824"},{"taxonomy":"product_cat","embeddable":true,"href":"https:\/\/sheep.ee\/en\/wp-json\/wp\/v2\/product_cat?post=4824"},{"taxonomy":"product_tag","embeddable":true,"href":"https:\/\/sheep.ee\/en\/wp-json\/wp\/v2\/product_tag?post=4824"}],"curies":[{"name":"wp","href":"https:\/\/api.w.org\/{rel}","templated":true}]}}