{"id":4827,"date":"2015-02-19T13:14:49","date_gmt":"2015-02-19T11:14:49","guid":{"rendered":"http:\/\/www.sheep.ee\/?post_type=product&#038;p=4827"},"modified":"2025-12-31T13:34:04","modified_gmt":"2025-12-31T11:34:04","slug":"80cm-3-traadi-metallpost","status":"publish","type":"product","link":"https:\/\/sheep.ee\/en\/product\/80cm-3-traadi-metallpost\/","title":{"rendered":"80cm (3-traadi) metallpost"},"content":{"rendered":"","protected":false},"excerpt":{"rendered":"<p>Galvaniseeritud 80 cm metallpostid on topeltjalaga, mis teeb nende paigaldamise ilma abivahenditeta v\u00f5imalikuks ka k\u00f5va- v\u00f5i kivise\u00a0 maa puhul.<\/p>\n<p>Soovitatav kasutada koos reguleeritavate isolaatoritega R26.<\/p>\n","protected":false},"featured_media":6702,"template":"","meta":[],"product_brand":[],"product_cat":[128,42],"product_tag":[],"class_list":{"0":"post-4827","1":"product","2":"type-product","3":"status-publish","4":"has-post-thumbnail","6":"product_cat-metallpostid","7":"product_cat-rappa-aiapostid","9":"first","10":"instock","11":"taxable","12":"shipping-taxable","13":"purchasable","14":"product-type-simple"},"supplier_id":6307,"supplier_sku":"STS110\/R23a","barcode":null,"atum_controlled":true,"out_stock_date":null,"out_stock_threshold":null,"inheritable":false,"inbound_stock":0,"stock_on_hold":0,"sold_today":0,"sales_last_days":0,"reserved_stock":0,"customer_returns":0,"warehouse_damage":0,"lost_in_post":0,"other_logs":0,"out_stock_days":0,"lost_sales":0,"has_location":false,"update_date":"2026-04-26T08:00:46","atum_locations":[],"atum_stock_status":"instock","restock_status":false,"low_stock_amount":"","sales_update_date":"2026-04-26T08:00:46","calc_backorders":0,"_links":{"self":[{"href":"https:\/\/sheep.ee\/en\/wp-json\/wp\/v2\/product\/4827","targetHints":{"allow":["GET"]}}],"collection":[{"href":"https:\/\/sheep.ee\/en\/wp-json\/wp\/v2\/product"}],"about":[{"href":"https:\/\/sheep.ee\/en\/wp-json\/wp\/v2\/types\/product"}],"wp:featuredmedia":[{"embeddable":true,"href":"https:\/\/sheep.ee\/en\/wp-json\/wp\/v2\/media\/6702"}],"wp:attachment":[{"href":"https:\/\/sheep.ee\/en\/wp-json\/wp\/v2\/media?parent=4827"}],"wp:term":[{"taxonomy":"product_brand","embeddable":true,"href":"https:\/\/sheep.ee\/en\/wp-json\/wp\/v2\/product_brand?post=4827"},{"taxonomy":"product_cat","embeddable":true,"href":"https:\/\/sheep.ee\/en\/wp-json\/wp\/v2\/product_cat?post=4827"},{"taxonomy":"product_tag","embeddable":true,"href":"https:\/\/sheep.ee\/en\/wp-json\/wp\/v2\/product_tag?post=4827"}],"curies":[{"name":"wp","href":"https:\/\/api.w.org\/{rel}","templated":true}]}}