{"id":4833,"date":"2015-02-19T13:17:51","date_gmt":"2015-02-19T11:17:51","guid":{"rendered":"http:\/\/www.sheep.ee\/?post_type=product&#038;p=4833"},"modified":"2025-12-31T13:34:04","modified_gmt":"2025-12-31T11:34:04","slug":"plastik-aiapost","status":"publish","type":"product","link":"https:\/\/sheep.ee\/en\/product\/plastik-aiapost\/","title":{"rendered":"Plastik aiapost"},"content":{"rendered":"<p>Post on tehtud tugvast, kuid kergest plastikust, korralikult testitud nii miinuskraadides kui p\u00e4ikesepaistes. Ainuke teadaolev plastikpost turul, mis peab vastu ka k\u00fclmemates tingimustes. Kinnituseks on postidele antud tootjapoolne 2-aastane garantii.<\/p>\n<p>Postidel on unikaalsed kiire traadipaigalduse pesad kaheksal k\u00f5rgusel, mis tagab sobiva traadi k\u00f5rguse valikuv\u00f5imaluse. Erkkollane v\u00e4rv teeb aia loomadele h\u00e4sti n\u00e4htavaks.<\/p>\n","protected":false},"excerpt":{"rendered":"<p>Plastikpostid ei vaja t\u00e4iendavalt isolaatoreid!<\/p>\n<p>Sobivad\u00a0erinevate kariloomade aedade rajamiseks.<\/p>\n","protected":false},"featured_media":6692,"template":"","meta":[],"product_brand":[],"product_cat":[127,42],"product_tag":[],"class_list":{"0":"post-4833","1":"product","2":"type-product","3":"status-publish","4":"has-post-thumbnail","6":"product_cat-plastikpostsid","7":"product_cat-rappa-aiapostid","9":"first","10":"instock","11":"taxable","12":"shipping-taxable","13":"purchasable","14":"product-type-simple"},"supplier_id":6307,"supplier_sku":"STP315\/R23g","barcode":null,"atum_controlled":true,"out_stock_date":null,"out_stock_threshold":null,"inheritable":false,"inbound_stock":0,"stock_on_hold":2,"sold_today":0,"sales_last_days":0,"reserved_stock":0,"customer_returns":0,"warehouse_damage":0,"lost_in_post":0,"other_logs":0,"out_stock_days":0,"lost_sales":0,"has_location":false,"update_date":"2026-04-27T08:01:38","atum_locations":[],"atum_stock_status":"instock","restock_status":false,"low_stock_amount":"","sales_update_date":"2026-04-27T08:01:38","calc_backorders":0,"_links":{"self":[{"href":"https:\/\/sheep.ee\/en\/wp-json\/wp\/v2\/product\/4833","targetHints":{"allow":["GET"]}}],"collection":[{"href":"https:\/\/sheep.ee\/en\/wp-json\/wp\/v2\/product"}],"about":[{"href":"https:\/\/sheep.ee\/en\/wp-json\/wp\/v2\/types\/product"}],"wp:featuredmedia":[{"embeddable":true,"href":"https:\/\/sheep.ee\/en\/wp-json\/wp\/v2\/media\/6692"}],"wp:attachment":[{"href":"https:\/\/sheep.ee\/en\/wp-json\/wp\/v2\/media?parent=4833"}],"wp:term":[{"taxonomy":"product_brand","embeddable":true,"href":"https:\/\/sheep.ee\/en\/wp-json\/wp\/v2\/product_brand?post=4833"},{"taxonomy":"product_cat","embeddable":true,"href":"https:\/\/sheep.ee\/en\/wp-json\/wp\/v2\/product_cat?post=4833"},{"taxonomy":"product_tag","embeddable":true,"href":"https:\/\/sheep.ee\/en\/wp-json\/wp\/v2\/product_tag?post=4833"}],"curies":[{"name":"wp","href":"https:\/\/api.w.org\/{rel}","templated":true}]}}