{"id":6431,"date":"2022-01-02T16:29:22","date_gmt":"2022-01-02T14:29:22","guid":{"rendered":"https:\/\/www.sheep.ee\/?post_type=product&#038;p=6431"},"modified":"2025-12-31T13:34:39","modified_gmt":"2025-12-31T11:34:39","slug":"3-suunalise-jagamisega-poorleva-varavaga-automaatjagajaga-kaalupuur","status":"publish","type":"product","link":"https:\/\/sheep.ee\/en\/product\/3-suunalise-jagamisega-poorleva-varavaga-automaatjagajaga-kaalupuur\/","title":{"rendered":"3-suunalise jagamisega, p\u00f6\u00f6rleva v\u00e4ravaga automaatjagajaga kaalupuur"},"content":{"rendered":"<p>PRATTLEY &#8211; AUTO DRAFT lahendus<\/p>\n<p>3-suunalise jagamisega, p\u00f6\u00f6rleva v\u00e4ravaga automaatjagajaga kaalupuur<\/p>\n","protected":false},"excerpt":{"rendered":"<p>PRATTLEY &#8211; AUTO DRAFT lahendus 3-suunalise jagamisega, p\u00f6\u00f6rleva v\u00e4ravaga automaatjagajaga kaalupuur<\/p>\n","protected":false},"featured_media":6429,"template":"","meta":[],"product_brand":[],"product_cat":[147,93],"product_tag":[],"class_list":{"0":"post-6431","1":"product","2":"type-product","3":"status-publish","4":"has-post-thumbnail","6":"product_cat-loomakaalu-susteemid","7":"product_cat-kaalususteemid-lammastele","9":"first","10":"onbackorder","11":"taxable","12":"shipping-taxable","13":"purchasable","14":"product-type-simple"},"supplier_id":6306,"supplier_sku":"","barcode":null,"atum_controlled":true,"out_stock_date":null,"out_stock_threshold":null,"inheritable":false,"inbound_stock":0,"stock_on_hold":0,"sold_today":0,"sales_last_days":0,"reserved_stock":0,"customer_returns":0,"warehouse_damage":0,"lost_in_post":0,"other_logs":0,"out_stock_days":0,"lost_sales":0,"has_location":false,"update_date":"2026-04-27T08:01:38","atum_locations":[],"atum_stock_status":"onbackorder","restock_status":false,"low_stock_amount":"","sales_update_date":"2026-04-27T08:01:38","calc_backorders":0,"_links":{"self":[{"href":"https:\/\/sheep.ee\/en\/wp-json\/wp\/v2\/product\/6431","targetHints":{"allow":["GET"]}}],"collection":[{"href":"https:\/\/sheep.ee\/en\/wp-json\/wp\/v2\/product"}],"about":[{"href":"https:\/\/sheep.ee\/en\/wp-json\/wp\/v2\/types\/product"}],"wp:featuredmedia":[{"embeddable":true,"href":"https:\/\/sheep.ee\/en\/wp-json\/wp\/v2\/media\/6429"}],"wp:attachment":[{"href":"https:\/\/sheep.ee\/en\/wp-json\/wp\/v2\/media?parent=6431"}],"wp:term":[{"taxonomy":"product_brand","embeddable":true,"href":"https:\/\/sheep.ee\/en\/wp-json\/wp\/v2\/product_brand?post=6431"},{"taxonomy":"product_cat","embeddable":true,"href":"https:\/\/sheep.ee\/en\/wp-json\/wp\/v2\/product_cat?post=6431"},{"taxonomy":"product_tag","embeddable":true,"href":"https:\/\/sheep.ee\/en\/wp-json\/wp\/v2\/product_tag?post=6431"}],"curies":[{"name":"wp","href":"https:\/\/api.w.org\/{rel}","templated":true}]}}