{"id":7176,"date":"2024-08-27T00:12:00","date_gmt":"2024-08-26T21:12:00","guid":{"rendered":"https:\/\/sheep.ee\/?post_type=product&#038;p=7176"},"modified":"2025-12-31T13:34:44","modified_gmt":"2025-12-31T11:34:44","slug":"kummist-varava-komplekt","status":"publish","type":"product","link":"https:\/\/sheep.ee\/en\/product\/kummist-varava-komplekt\/","title":{"rendered":"Kummist v\u00e4rava komplekt"},"content":{"rendered":"<p><em>Bungee<\/em> tehnoloogiaga v\u00e4rav tagab mugava paindlikuse, maksimaalse vastupidvusega ja on varustatud h\u00e4sti n\u00e4htava ohutuslipuga. Sobib 3,5-7 m laiustele v\u00e4ravatele.<\/p>\n<p>\u2022 Mitmesooneline lateksis\u00fcdamik UV-kindla kattega<br \/>\n\u2022 Neli roostevabast terasest traati maksimaalse elektrijuhtivuse tagamiseks<br \/>\n\u2022 Kaasas t\u00f6\u00f6kindlad komonendid ja kollane ohutuslipp<br \/>\n\u2022 T\u00e4ielikult isoleeritud k\u00e4epide positiivse libisemisvastase pinnaga<\/p>\n","protected":false},"excerpt":{"rendered":"<p><strong>Komplekt sisaldab:<\/strong><br \/>\n\u2022 V\u00e4rava konks<br \/>\n\u2022 Bungee kummin\u00f6\u00f6r<br \/>\n\u2022 Splint-lukustatav isolaator<br \/>\n\u2022 V\u00e4rava isolaator<br \/>\n\u2022 Ohutuslipp<\/p>\n","protected":false},"featured_media":7177,"template":"","meta":[],"product_brand":[],"product_cat":[146,44],"product_tag":[],"class_list":{"0":"post-7176","1":"product","2":"type-product","3":"status-publish","4":"has-post-thumbnail","6":"product_cat-tooriistad-ja-lisad","7":"product_cat-traadid-vorgud-varavad-ja-kaablid-vana","9":"first","10":"instock","11":"taxable","12":"shipping-taxable","13":"purchasable","14":"product-type-simple"},"supplier_id":null,"supplier_sku":"","barcode":null,"atum_controlled":true,"out_stock_date":null,"out_stock_threshold":null,"inheritable":false,"inbound_stock":null,"stock_on_hold":0,"sold_today":0,"sales_last_days":0,"reserved_stock":null,"customer_returns":null,"warehouse_damage":null,"lost_in_post":null,"other_logs":null,"out_stock_days":0,"lost_sales":0,"has_location":false,"update_date":"2026-04-09T07:40:28","atum_locations":[],"atum_stock_status":"instock","restock_status":false,"low_stock_amount":"","sales_update_date":"2026-04-09T07:40:28","calc_backorders":null,"_links":{"self":[{"href":"https:\/\/sheep.ee\/en\/wp-json\/wp\/v2\/product\/7176","targetHints":{"allow":["GET"]}}],"collection":[{"href":"https:\/\/sheep.ee\/en\/wp-json\/wp\/v2\/product"}],"about":[{"href":"https:\/\/sheep.ee\/en\/wp-json\/wp\/v2\/types\/product"}],"wp:featuredmedia":[{"embeddable":true,"href":"https:\/\/sheep.ee\/en\/wp-json\/wp\/v2\/media\/7177"}],"wp:attachment":[{"href":"https:\/\/sheep.ee\/en\/wp-json\/wp\/v2\/media?parent=7176"}],"wp:term":[{"taxonomy":"product_brand","embeddable":true,"href":"https:\/\/sheep.ee\/en\/wp-json\/wp\/v2\/product_brand?post=7176"},{"taxonomy":"product_cat","embeddable":true,"href":"https:\/\/sheep.ee\/en\/wp-json\/wp\/v2\/product_cat?post=7176"},{"taxonomy":"product_tag","embeddable":true,"href":"https:\/\/sheep.ee\/en\/wp-json\/wp\/v2\/product_tag?post=7176"}],"curies":[{"name":"wp","href":"https:\/\/api.w.org\/{rel}","templated":true}]}}